{"id":2,"date":"2020-09-19T17:17:55","date_gmt":"2020-09-19T15:17:55","guid":{"rendered":"https:\/\/tomsidee.de\/wordpress\/?page_id=2"},"modified":"2024-11-15T14:49:31","modified_gmt":"2024-11-15T13:49:31","slug":"start","status":"publish","type":"page","link":"https:\/\/tomsidee.de\/de\/","title":{"rendered":"tomsidee"},"content":{"rendered":"\n<h2 class=\"wp-block-heading\">Produkte f\u00fcr Sie!<\/h2>\n\n\n\n<p>Mein Portfolio ist klein aber fein.<\/p>\n\n\n\n<ul class=\"wp-block-list\">\n<li><a href=\"https:\/\/translate.tomsidee.de\/de\">Translate Files with AI<\/a> \u00fcbersetzt eine Textdatei automatisch in mehrere Sprachen. Eine enorme Erleichterung und Zeitersparnis, wenn man viel Text zu \u00fcbersetzen hat. Mit Hilfe von regul\u00e4ren Ausdr\u00fccken kann ausgew\u00e4hlt werden, ob Text \u00fcbersetzt oder von der \u00dcbersetzung ausgeschlossen werden soll. Translate Files with AI verwendet den weltweit besten \u00dcbersetzungsdienst DeepL.<\/li>\n\n\n\n<li><a href=\"https:\/\/touch.tomsidee.de\/de\/\">Touch<\/a> ist die ultimative Anwendung zum \u00c4ndern von Datum und Uhrzeit von Dateien und Ordnern.<\/li>\n\n\n\n<li><a href=\"https:\/\/soundbox.tomsidee.de\/de\/\">Toms SoundBox<\/a> spielt Ger\u00e4usche ab, wenn man sich ihr n\u00e4hert. Mehr als 50 Kl\u00e4nge werden mitgeliefert und es k\u00f6nnen auch eigene Ger\u00e4usche hinzugef\u00fcgt werden. Toms SoundBox ist klein und aus Holz.<\/li>\n<\/ul>\n\n\n\n<p>Und wenn sie einmal Hilfe bei einem konkreten Problem in der Datenverarbeitung brauchen, gehen Sie doch einmal zu meiner <a rel=\"noreferrer noopener\" href=\"https:\/\/thomas.osthege.de\" target=\"_blank\">privaten Website<\/a>.<\/p>\n\n\n\n<blockquote class=\"wp-block-quote is-style-default is-layout-flow wp-block-quote-is-layout-flow\">\n<p><strong>Information zu dieser Website<\/strong><\/p>\n\n\n\n<p>Teile dieser Website existieren nur noch aus historischen Gr\u00fcnden, weil es in diesen Teilen keine Gesch\u00e4ftst\u00e4tigkeit mehr gibt. Diese Teile sind im Men\u00fc als \u201ehistorisch\u201d gekennzeichnet. Bei Fragen oder Problemen senden Sie mir bitte \u00fcber die <a href=\"https:\/\/tomsidee.de\/de\/contact\/\">Kontaktseite<\/a> eine Nachricht!<\/p>\n\n\n\n<p>Diese Website ist nur f\u00fcr<strong> <\/strong>Ihre eigenen Bildungszwecke gedacht. Machen Sie den Autor, die Firma des Autors oder den Hund des Autors nicht f\u00fcr Haarausfall, schlechte Kaffeequalit\u00e4t oder anhaltende Kindheitstrauma verantwortlich.<\/p>\n<\/blockquote>\n\n\n\n<p>Copyright \u00a9 \u00b7 Alle Rechte vorbehalten&nbsp;\u00b7 tomsidee&nbsp;\u00b7 Thomas Osthege<\/p>\n","protected":false},"excerpt":{"rendered":"<p>Produkte f\u00fcr Sie! Mein Portfolio ist klein aber fein. Und wenn sie einmal Hilfe bei einem konkreten Problem in der Datenverarbeitung brauchen, gehen Sie doch einmal zu meiner privaten Website. Information zu dieser Website Teile dieser Website existieren nur noch aus historischen Gr\u00fcnden, weil es in diesen Teilen keine Gesch\u00e4ftst\u00e4tigkeit mehr gibt. Diese Teile sind &hellip; <a href=\"https:\/\/tomsidee.de\/de\/\" class=\"more-link\"><span class=\"screen-reader-text\">tomsidee<\/span> weiterlesen<\/a><\/p>\n","protected":false},"author":1,"featured_media":0,"parent":0,"menu_order":0,"comment_status":"closed","ping_status":"closed","template":"","meta":{"footnotes":""},"class_list":["post-2","page","type-page","status-publish","hentry"],"_links":{"self":[{"href":"https:\/\/tomsidee.de\/de\/wp-json\/wp\/v2\/pages\/2","targetHints":{"allow":["GET"]}}],"collection":[{"href":"https:\/\/tomsidee.de\/de\/wp-json\/wp\/v2\/pages"}],"about":[{"href":"https:\/\/tomsidee.de\/de\/wp-json\/wp\/v2\/types\/page"}],"author":[{"embeddable":true,"href":"https:\/\/tomsidee.de\/de\/wp-json\/wp\/v2\/users\/1"}],"replies":[{"embeddable":true,"href":"https:\/\/tomsidee.de\/de\/wp-json\/wp\/v2\/comments?post=2"}],"version-history":[{"count":5,"href":"https:\/\/tomsidee.de\/de\/wp-json\/wp\/v2\/pages\/2\/revisions"}],"predecessor-version":[{"id":845,"href":"https:\/\/tomsidee.de\/de\/wp-json\/wp\/v2\/pages\/2\/revisions\/845"}],"wp:attachment":[{"href":"https:\/\/tomsidee.de\/de\/wp-json\/wp\/v2\/media?parent=2"}],"curies":[{"name":"wp","href":"https:\/\/api.w.org\/{rel}","templated":true}]}}